{"id":1414,"date":"2021-06-14T17:11:10","date_gmt":"2021-06-14T14:11:10","guid":{"rendered":"https:\/\/www.viaclimate.com\/%d9%88%d8%ad%d8%af%d8%a7%d8%aa-%d8%a7%d9%84%d9%85%d8%a3%d9%88%d9%89\/"},"modified":"2021-06-14T17:11:11","modified_gmt":"2021-06-14T14:11:11","slug":"%d9%88%d8%ad%d8%af%d8%a7%d8%aa-%d8%a7%d9%84%d9%85%d8%a3%d9%88%d9%89","status":"publish","type":"page","link":"https:\/\/viaclimate.com\/ar\/%d9%88%d8%ad%d8%af%d8%a7%d8%aa-%d8%a7%d9%84%d9%85%d8%a3%d9%88%d9%89\/","title":{"rendered":"\u0648\u062d\u062f\u0627\u062a \u0627\u0644\u0645\u0623\u0648\u0649"},"content":{"rendered":"\t\t<div data-elementor-type=\"wp-page\" data-elementor-id=\"1414\" class=\"elementor elementor-1414 elementor-25\">\n\t\t\t\t\t\t<div class=\"elementor-inner\">\n\t\t\t\t<div class=\"elementor-section-wrap\">\n\t\t\t\t\t\t\t\t\t<section class=\"elementor-section elementor-top-section elementor-element elementor-element-09ef68d elementor-section-boxed elementor-section-height-default elementor-section-height-default\" data-id=\"09ef68d\" data-element_type=\"section\">\n\t\t\t\t\t\t<div class=\"elementor-container elementor-column-gap-default\">\n\t\t\t\t\t\t\t<div class=\"elementor-row\">\n\t\t\t\t\t<div class=\"elementor-column elementor-col-50 elementor-top-column elementor-element elementor-element-91bb550\" data-id=\"91bb550\" data-element_type=\"column\">\n\t\t\t<div class=\"elementor-column-wrap elementor-element-populated\">\n\t\t\t\t\t\t\t<div class=\"elementor-widget-wrap\">\n\t\t\t\t\t\t<div class=\"elementor-element elementor-element-8df6002 bdt-content-position--left elementor-widget elementor-widget-bdt-fancy-list\" data-id=\"8df6002\" data-element_type=\"widget\" data-widget_type=\"bdt-fancy-list.default\">\n\t\t\t\t<div class=\"elementor-widget-container\">\n\t\t\t        <div class=\"bdt-fancy-list\">\n            <ul class=\"bdt-list custom-list-group\" class=\"list-icon\">\n                                    <li>\n                        <a class=\"bdt-list-wrap\" href=\"https:\/\/www.viaclimate.com\/konfor-klima-santralleri\/\">                        <div class=\"bdt-flex  flex-wrap\">\n                                                        <div class=\" image-area\"> <img decoding=\"async\" src=\" https:\/\/www.viaclimate.com\/wp-content\/uploads\/2021\/06\/003-air-conditioner.svg\" alt=\"\u0648\u062d\u062f\u0627\u062a \u0645\u0646\u0627\u0648\u0644\u0629 \u0627\u0644\u0647\u0648\u0627\u0621 \u0627\u0644\u0645\u0631\u064a\u062d\u0629\"> <\/div>                            <div class=\"list-text \">\n                                <h4 class=\"bdt-list-title\">\n                                    \u0648\u062d\u062f\u0627\u062a \u0645\u0646\u0627\u0648\u0644\u0629 \u0627\u0644\u0647\u0648\u0627\u0621 \u0627\u0644\u0645\u0631\u064a\u062d\u0629                                <\/h4>\n                                <p class=\"list-text-des\"> \u0627\u0644\u062a\u062f\u0641\u0626\u0629 \u064a\u0645\u0643\u0646 \u0623\u0646 \u062a\u0628\u0631\u062f ...<\/p>\n                            <\/div>\n                                                            <div class=\"list-icon\">\n                                    <i aria-hidden=\"true\" class=\"icon icon-right-arrow\"><\/i>                                <\/div>\n                                                    <\/div>\n                                                    <\/a>\n                                            <\/li>\n                                    <li>\n                        <a class=\"bdt-list-wrap\" href=\"https:\/\/www.viaclimate.com\/hijyenik-klima-santralleri\/\">                        <div class=\"bdt-flex  flex-wrap\">\n                                                        <div class=\" image-area\"> <img decoding=\"async\" src=\" https:\/\/www.viaclimate.com\/wp-content\/uploads\/2021\/06\/007-air-conditioner.svg\" alt=\"\u0648\u062d\u062f\u0627\u062a \u0645\u0646\u0627\u0648\u0644\u0629 \u0627\u0644\u0647\u0648\u0627\u0621 \u0627\u0644\u0635\u062d\u064a\u0629\"> <\/div>                            <div class=\"list-text \">\n                                <h4 class=\"bdt-list-title\">\n                                    \u0648\u062d\u062f\u0627\u062a \u0645\u0646\u0627\u0648\u0644\u0629 \u0627\u0644\u0647\u0648\u0627\u0621 \u0627\u0644\u0635\u062d\u064a\u0629                                <\/h4>\n                                <p class=\"list-text-des\"> \u0645\u0643\u064a\u0641 \u0647\u0648\u0627\u0621 \u0646\u0642\u064a ...<\/p>\n                            <\/div>\n                                                            <div class=\"list-icon\">\n                                    <i aria-hidden=\"true\" class=\"icon icon-right-arrow\"><\/i>                                <\/div>\n                                                    <\/div>\n                                                    <\/a>\n                                            <\/li>\n                                    <li>\n                        <a class=\"bdt-list-wrap\" href=\"https:\/\/www.viaclimate.com\/isi-geri-kazanim-uniteleri\/\">                        <div class=\"bdt-flex  flex-wrap\">\n                                                        <div class=\" image-area\"> <img decoding=\"async\" src=\" https:\/\/www.viaclimate.com\/wp-content\/uploads\/2021\/06\/006-repeat.svg\" alt=\"\u0648\u062d\u062f\u0627\u062a \u0627\u0633\u062a\u0631\u062f\u0627\u062f \u0627\u0644\u062d\u0631\u0627\u0631\u0629\"> <\/div>                            <div class=\"list-text \">\n                                <h4 class=\"bdt-list-title\">\n                                    \u0648\u062d\u062f\u0627\u062a \u0627\u0633\u062a\u0631\u062f\u0627\u062f \u0627\u0644\u062d\u0631\u0627\u0631\u0629                                <\/h4>\n                                <p class=\"list-text-des\"> \u0639\u0645\u0644\u064a\u0627\u062a \u0645\u0639\u0627\u0644\u062c\u0629 \u0627\u0644\u0647\u0648\u0627\u0621 ...<\/p>\n                            <\/div>\n                                                            <div class=\"list-icon\">\n                                    <i aria-hidden=\"true\" class=\"icon icon-right-arrow\"><\/i>                                <\/div>\n                                                    <\/div>\n                                                    <\/a>\n                                            <\/li>\n                                    <li>\n                        <a class=\"bdt-list-wrap\" href=\"https:\/\/www.viaclimate.com\/mutfak-egzoz-uniteleri\/\">                        <div class=\"bdt-flex  flex-wrap\">\n                                                        <div class=\" image-area\"> <img decoding=\"async\" src=\" https:\/\/www.viaclimate.com\/wp-content\/uploads\/2021\/06\/050-split.svg\" alt=\"\u0648\u062d\u062f\u0627\u062a \u0639\u0627\u062f\u0645 \u0627\u0644\u0645\u0637\u0628\u062e\"> <\/div>                            <div class=\"list-text \">\n                                <h4 class=\"bdt-list-title\">\n                                    \u0648\u062d\u062f\u0627\u062a \u0639\u0627\u062f\u0645 \u0627\u0644\u0645\u0637\u0628\u062e                                <\/h4>\n                                <p class=\"list-text-des\"> \u0627\u0633\u062a\u0639\u0627\u062f\u0629 \u0627\u0644\u0647\u0648\u0627\u0621 \u0627\u0644\u0646\u0642\u064a \u0628\u0646\u0633\u0628\u0629 100\u066a ...<\/p>\n                            <\/div>\n                                                            <div class=\"list-icon\">\n                                    <i aria-hidden=\"true\" class=\"icon icon-right-arrow\"><\/i>                                <\/div>\n                                                    <\/div>\n                                                    <\/a>\n                                            <\/li>\n                                    <li>\n                        <a class=\"bdt-list-wrap\" href=\"https:\/\/www.viaclimate.com\/siginak-uniteleri\/\">                        <div class=\"bdt-flex  flex-wrap\">\n                                                        <div class=\" image-area\"> <img decoding=\"async\" src=\" https:\/\/www.viaclimate.com\/wp-content\/uploads\/2021\/06\/037-air-conditioner.svg\" alt=\"\u0648\u062d\u062f\u0627\u062a \u0627\u0644\u0645\u0623\u0648\u0649\"> <\/div>                            <div class=\"list-text \">\n                                <h4 class=\"bdt-list-title\">\n                                    \u0648\u062d\u062f\u0627\u062a \u0627\u0644\u0645\u0623\u0648\u0649                                <\/h4>\n                                <p class=\"list-text-des\"> \u0647\u0648\u0627\u0621 \u0646\u0642\u064a \u0645\u0635\u0641\u0649 ...<\/p>\n                            <\/div>\n                                                            <div class=\"list-icon\">\n                                    <i aria-hidden=\"true\" class=\"icon icon-right-arrow\"><\/i>                                <\/div>\n                                                    <\/div>\n                                                    <\/a>\n                                            <\/li>\n                                    <li>\n                        <a class=\"bdt-list-wrap\" href=\"https:\/\/www.viaclimate.com\/aspirator-uniteleri\/\">                        <div class=\"bdt-flex  flex-wrap\">\n                                                        <div class=\" image-area\"> <img decoding=\"async\" src=\" https:\/\/www.viaclimate.com\/wp-content\/uploads\/2021\/06\/001-air-filter.svg\" alt=\"\u0648\u062d\u062f\u0627\u062a \u0627\u0644\u0634\u0641\u0627\u0637\"> <\/div>                            <div class=\"list-text \">\n                                <h4 class=\"bdt-list-title\">\n                                    \u0648\u062d\u062f\u0627\u062a \u0627\u0644\u0634\u0641\u0627\u0637                                <\/h4>\n                                <p class=\"list-text-des\"> \u062f\u0648\u0631\u0627\u0646 \u0627\u0644\u0647\u0648\u0627\u0621...<\/p>\n                            <\/div>\n                                                            <div class=\"list-icon\">\n                                    <i aria-hidden=\"true\" class=\"icon icon-right-arrow\"><\/i>                                <\/div>\n                                                    <\/div>\n                                                    <\/a>\n                                            <\/li>\n                            <\/ul>\n        <\/div>\n\t\t<\/div>\n\t\t\t\t<\/div>\n\t\t\t\t\t\t<\/div>\n\t\t\t\t\t<\/div>\n\t\t<\/div>\n\t\t\t\t<div class=\"elementor-column elementor-col-50 elementor-top-column elementor-element elementor-element-14849c1\" data-id=\"14849c1\" data-element_type=\"column\">\n\t\t\t<div class=\"elementor-column-wrap elementor-element-populated\">\n\t\t\t\t\t\t\t<div class=\"elementor-widget-wrap\">\n\t\t\t\t\t\t<div class=\"elementor-element elementor-element-ab10546 elementor-position-left elementor-widget__width-initial elementor-widget-tablet__width-initial elementor-vertical-align-top elementor-widget elementor-widget-image-box\" data-id=\"ab10546\" data-element_type=\"widget\" data-widget_type=\"image-box.default\">\n\t\t\t\t<div class=\"elementor-widget-container\">\n\t\t\t<div class=\"elementor-image-box-wrapper\"><div class=\"elementor-image-box-content\"><h3 class=\"elementor-image-box-title\">\u0648\u062d\u062f\u0627\u062a \u0627\u0644\u0645\u0623\u0648\u0649<\/h3><p class=\"elementor-image-box-description\">\u062a\u0636\u0645\u0646 \u0648\u062d\u062f\u0627\u062a \u0627\u0644\u0645\u0623\u0648\u0649 \u0627\u0644\u062a\u064a \u062a\u062d\u0645\u0644 \u0639\u0644\u0627\u0645\u0629 Viaclimate \u0623\u0646 \u0627\u0644\u0647\u0648\u0627\u0621 \u0627\u0644\u0646\u0638\u064a\u0641 \u0627\u0644\u0642\u0627\u062f\u0645 \u0625\u0644\u0649 \u0627\u0644\u0645\u0644\u0627\u062c\u0626 \u0627\u0644\u0645\u0633\u062a\u062e\u062f\u0645\u0629 \u0641\u064a \u0627\u0644\u0645\u0648\u0627\u0642\u0641 \u063a\u064a\u0631 \u0627\u0644\u0639\u0627\u062f\u064a\u0629 \u0645\u062b\u0644 \u0627\u0644\u062d\u0631\u0628 \u064a\u062a\u0645 \u062a\u0635\u0641\u064a\u062a\u0647 \u0645\u0646 \u0627\u0644\u062a\u0623\u062b\u064a\u0631\u0627\u062a \u0627\u0644\u062e\u0627\u0631\u062c\u064a\u0629 (\u0645\u062b\u0644 \u0627\u0644\u063a\u0627\u0632\u0627\u062a \u0627\u0644\u0646\u0648\u0648\u064a\u0629 \u0648\u0627\u0644\u0628\u064a\u0648\u0644\u0648\u062c\u064a\u0629 \u0648\u0627\u0644\u0643\u064a\u0645\u064a\u0627\u0626\u064a\u0629).<br>\n\n\u062a\u0645 \u062a\u0635\u0645\u064a\u0645 \u0648\u062d\u062f\u0627\u062a \u0627\u0644\u0645\u0623\u0648\u0649 \u0628\u0637\u0631\u064a\u0642\u062a\u064a\u0646 \u0645\u062e\u062a\u0644\u0641\u062a\u064a\u0646 \u0648\u0641\u0642\u064b\u0627 \u0644\u062a\u062f\u0641\u0642 \u0627\u0644\u0647\u0648\u0627\u0621. \u0628\u0641\u0636\u0644 \u0645\u062b\u0628\u0637 \u0627\u0644\u0647\u0648\u0627\u0621 By-Pass \u0627\u0644\u0630\u064a \u064a\u062a\u0645 \u062a\u0648\u0641\u064a\u0631\u0647 \u0628\u0634\u0643\u0644 \u0642\u064a\u0627\u0633\u064a \u0641\u064a Shelter Fresh Air Plant \u0641\u064a \u0627\u0644\u0623\u0648\u0642\u0627\u062a \u0627\u0644\u0639\u0627\u062f\u064a\u0629 \u060c \u0641\u0625\u0646\u0647 \u064a\u0648\u0641\u0631 \u0627\u0644\u0647\u0648\u0627\u0621 \u0627\u0644\u0646\u0642\u064a \u0627\u0644\u0645\u0635\u0641\u0649 \u0641\u064a \u0627\u0644\u0645\u0644\u062c\u0623 \u0628\u0627\u0633\u062a\u062e\u062f\u0627\u0645 \u0645\u0631\u0634\u062d G4. \u0641\u064a \u062d\u0627\u0644\u0627\u062a \u0627\u0644\u062e\u0637\u0631 \u0627\u0644\u0645\u062d\u062a\u0645\u0644 \u061b \u064a\u062a\u0645 \u0627\u0633\u062a\u062e\u062f\u0627\u0645 G4 \u060c \u0641\u0644\u062a\u0631 \u0627\u0644\u0643\u0631\u0628\u0648\u0646 \u0627\u0644\u0645\u0646\u0634\u0637 \u060c \u0641\u0644\u062a\u0631 HEPA \u0627\u0644\u0646\u0648\u0648\u064a.<\/p><\/div><\/div>\t\t<\/div>\n\t\t\t\t<\/div>\n\t\t\t\t<div class=\"elementor-element elementor-element-628bfbb elementor-widget__width-initial elementor-widget-tablet__width-initial elementor-arrows-position-inside elementor-widget elementor-widget-image-carousel\" data-id=\"628bfbb\" data-element_type=\"widget\" data-settings=\"{&quot;slides_to_show&quot;:&quot;1&quot;,&quot;navigation&quot;:&quot;arrows&quot;,&quot;autoplay&quot;:&quot;yes&quot;,&quot;pause_on_hover&quot;:&quot;yes&quot;,&quot;pause_on_interaction&quot;:&quot;yes&quot;,&quot;autoplay_speed&quot;:5000,&quot;infinite&quot;:&quot;yes&quot;,&quot;effect&quot;:&quot;slide&quot;,&quot;speed&quot;:500}\" data-widget_type=\"image-carousel.default\">\n\t\t\t\t<div class=\"elementor-widget-container\">\n\t\t\t\t\t<div class=\"elementor-image-carousel-wrapper swiper-container\" dir=\"ltr\">\n\t\t\t<div class=\"elementor-image-carousel swiper-wrapper swiper-image-stretch\">\n\t\t\t\t\t\t\t\t<div class=\"swiper-slide\"><figure class=\"swiper-slide-inner\"><img decoding=\"async\" class=\"swiper-slide-image\" src=\"https:\/\/viaclimate.com\/wp-content\/uploads\/2021\/06\/siginak-uniteleri02.jpg\" alt=\"S\u0131\u011f\u0131nak \u00dcniteleri\" \/><\/figure><\/div>\t\t\t<\/div>\n\t\t\t\t\t<\/div>\n\t\t\t\t<\/div>\n\t\t\t\t<\/div>\n\t\t\t\t<div class=\"elementor-element elementor-element-e6ad5e5 e-grid-align-right elementor-shape-rounded elementor-grid-0 elementor-widget elementor-widget-social-icons\" data-id=\"e6ad5e5\" data-element_type=\"widget\" data-widget_type=\"social-icons.default\">\n\t\t\t\t<div class=\"elementor-widget-container\">\n\t\t\t\t\t<div class=\"elementor-social-icons-wrapper elementor-grid\">\n\t\t\t\t\t\t\t<span class=\"elementor-grid-item\">\n\t\t\t\t\t<a class=\"elementor-icon elementor-social-icon elementor-social-icon-instagram elementor-repeater-item-9598e9d\" href=\"https:\/\/www.instagram.com\/viaclimate\/\" target=\"_blank\">\n\t\t\t\t\t\t<span class=\"elementor-screen-only\">Instagram<\/span>\n\t\t\t\t\t\t<i class=\"fab fa-instagram\"><\/i>\t\t\t\t\t<\/a>\n\t\t\t\t<\/span>\n\t\t\t\t\t\t\t<span class=\"elementor-grid-item\">\n\t\t\t\t\t<a class=\"elementor-icon elementor-social-icon elementor-social-icon-facebook elementor-repeater-item-ff45b53\" href=\"https:\/\/www.facebook.com\/viaclimate\/\" target=\"_blank\">\n\t\t\t\t\t\t<span class=\"elementor-screen-only\">Facebook<\/span>\n\t\t\t\t\t\t<i class=\"fab fa-facebook\"><\/i>\t\t\t\t\t<\/a>\n\t\t\t\t<\/span>\n\t\t\t\t\t\t\t<span class=\"elementor-grid-item\">\n\t\t\t\t\t<a class=\"elementor-icon elementor-social-icon elementor-social-icon-linkedin elementor-repeater-item-961d65f\" href=\"https:\/\/tr.linkedin.com\/viaclimate\" target=\"_blank\">\n\t\t\t\t\t\t<span class=\"elementor-screen-only\">Linkedin<\/span>\n\t\t\t\t\t\t<i class=\"fab fa-linkedin\"><\/i>\t\t\t\t\t<\/a>\n\t\t\t\t<\/span>\n\t\t\t\t\t<\/div>\n\t\t\t\t<\/div>\n\t\t\t\t<\/div>\n\t\t\t\t<section class=\"elementor-section elementor-inner-section elementor-element elementor-element-eaf6c6d elementor-section-boxed elementor-section-height-default elementor-section-height-default\" data-id=\"eaf6c6d\" data-element_type=\"section\">\n\t\t\t\t\t\t<div class=\"elementor-container elementor-column-gap-default\">\n\t\t\t\t\t\t\t<div class=\"elementor-row\">\n\t\t\t\t\t<div class=\"elementor-column elementor-col-50 elementor-inner-column elementor-element elementor-element-9f51572\" data-id=\"9f51572\" data-element_type=\"column\">\n\t\t\t<div class=\"elementor-column-wrap elementor-element-populated\">\n\t\t\t\t\t\t\t<div class=\"elementor-widget-wrap\">\n\t\t\t\t\t\t<div class=\"elementor-element elementor-element-265c2aa elementor-position-left elementor-vertical-align-middle elementor-view-default elementor-mobile-position-top elementor-widget elementor-widget-icon-box\" data-id=\"265c2aa\" data-element_type=\"widget\" data-widget_type=\"icon-box.default\">\n\t\t\t\t<div class=\"elementor-widget-container\">\n\t\t\t\t\t<div class=\"elementor-icon-box-wrapper\">\n\t\t\t\t\t\t<div class=\"elementor-icon-box-icon\">\n\t\t\t\t<span class=\"elementor-icon elementor-animation-\" >\n\t\t\t\t<svg xmlns=\"http:\/\/www.w3.org\/2000\/svg\" id=\"Capa_1\" height=\"512\" viewBox=\"0 0 512 512\" width=\"512\"><g><path d=\"m60 271c0 88.224 71.775 160 160 160s160-71.776 160-160-71.775-160-160-160-160 71.776-160 160zm160 20c-11.028 0-20-8.972-20-20s8.972-20 20-20 20 8.972 20 20-8.972 20-20 20zm-10-58.734c-14.035 3.626-25.108 14.699-28.734 28.734h-40.619c4.528-36.128 33.225-64.824 69.353-69.353zm-28.734 48.734c3.626 14.036 14.699 25.108 28.734 28.734v40.619c-36.128-4.528-64.824-33.225-69.353-69.353zm48.734 28.734c14.035-3.626 25.108-14.699 28.734-28.734l40.619-.01c-4.528 36.128-33.225 64.834-69.353 69.363zm28.734-48.734c-3.626-14.036-14.699-25.108-28.734-28.734v-40.619c36.128 4.528 64.824 33.225 69.353 69.353zm-48.734-129.639v40.138c-47.173 4.705-84.796 42.329-89.501 89.501h-40.138c4.911-69.242 60.397-124.728 129.639-129.639zm-129.639 149.639h40.138c4.705 47.173 42.328 84.796 89.501 89.501v40.138c-69.242-4.911-124.728-60.397-129.639-129.639zm149.639 129.639v-40.138c47.173-4.705 84.796-42.339 89.501-89.511l40.138.01c-4.911 69.242-60.397 124.728-129.639 129.639zm129.639-149.639h-40.138c-4.705-47.173-42.328-84.796-89.501-89.501v-40.138c69.242 4.911 124.728 60.397 129.639 129.639z\"><\/path><path d=\"m502 21c-5.522 0-10 4.477-10 10v20h-86c-5.522 0-10 4.477-10 10s4.478 10 10 10h86v160h-64.14c-6.071 0-10.766 5.382-9.898 11.423 1.352 9.404 2.038 19.018 2.038 28.577 0 110.28-89.72 200-200 200s-200-89.72-200-200 89.72-200 200-200h96c5.522 0 10-4.477 10-10s-4.478-10-10-10h-96c-121.309 0-220 98.691-220 220s98.691 220 220 220 220-98.691 220-220c0-6.666-.304-13.357-.905-20h52.905v20c0 5.523 4.478 10 10 10s10-4.477 10-10v-240c0-5.523-4.478-10-10-10z\"><\/path><circle cx=\"361\" cy=\"61\" r=\"10\"><\/circle><\/g><\/svg>\t\t\t\t<\/span>\n\t\t\t<\/div>\n\t\t\t\t\t\t<div class=\"elementor-icon-box-content\">\n\t\t\t\t<h3 class=\"elementor-icon-box-title\">\n\t\t\t\t\t<span  >\n\t\t\t\t\t\t\u062a\u0623\u062a\u064a \u0648\u062d\u062f\u0627\u062a \u0645\u062e\u0627\u0628\u0626 Viaclimate \u0641\u064a \u0646\u0648\u0639\u064a\u0646.\t\t\t\t\t<\/span>\n\t\t\t\t<\/h3>\n\t\t\t\t\t\t\t<\/div>\n\t\t<\/div>\n\t\t\t\t<\/div>\n\t\t\t\t<\/div>\n\t\t\t\t<div class=\"elementor-element elementor-element-45d7eff elementor-icon-list--layout-traditional elementor-list-item-link-full_width elementor-widget elementor-widget-icon-list\" data-id=\"45d7eff\" data-element_type=\"widget\" data-widget_type=\"icon-list.default\">\n\t\t\t\t<div class=\"elementor-widget-container\">\n\t\t\t\t\t<ul class=\"elementor-icon-list-items\">\n\t\t\t\t\t\t\t<li class=\"elementor-icon-list-item\">\n\t\t\t\t\t\t\t\t\t\t\t<span class=\"elementor-icon-list-icon\">\n\t\t\t\t\t\t\t<i aria-hidden=\"true\" class=\"fas fa-check\"><\/i>\t\t\t\t\t\t<\/span>\n\t\t\t\t\t\t\t\t\t\t<span class=\"elementor-icon-list-text\">\u0646\u0648\u0639 \u0627\u0644\u0642\u0646\u0627\u0629 \u0648\u062d\u062f\u0629 \u0627\u0644\u0645\u0623\u0648\u0649<\/span>\n\t\t\t\t\t\t\t\t\t<\/li>\n\t\t\t\t\t\t\t\t<li class=\"elementor-icon-list-item\">\n\t\t\t\t\t\t\t\t\t\t\t<span class=\"elementor-icon-list-icon\">\n\t\t\t\t\t\t\t<i aria-hidden=\"true\" class=\"fas fa-check\"><\/i>\t\t\t\t\t\t<\/span>\n\t\t\t\t\t\t\t\t\t\t<span class=\"elementor-icon-list-text\">\u0645\u0635\u0646\u0639 \u062a\u0647\u0648\u064a\u0629 \u0627\u0644\u0645\u0623\u0648\u0649<\/span>\n\t\t\t\t\t\t\t\t\t<\/li>\n\t\t\t\t\t\t<\/ul>\n\t\t\t\t<\/div>\n\t\t\t\t<\/div>\n\t\t\t\t\t\t<\/div>\n\t\t\t\t\t<\/div>\n\t\t<\/div>\n\t\t\t\t<div class=\"elementor-column elementor-col-50 elementor-inner-column elementor-element elementor-element-2f5be49\" data-id=\"2f5be49\" data-element_type=\"column\">\n\t\t\t<div class=\"elementor-column-wrap\">\n\t\t\t\t\t\t\t<div class=\"elementor-widget-wrap\">\n\t\t\t\t\t\t\t\t<\/div>\n\t\t\t\t\t<\/div>\n\t\t<\/div>\n\t\t\t\t\t\t\t\t<\/div>\n\t\t\t\t\t<\/div>\n\t\t<\/section>\n\t\t\t\t\t\t<\/div>\n\t\t\t\t\t<\/div>\n\t\t<\/div>\n\t\t\t\t\t\t\t\t<\/div>\n\t\t\t\t\t<\/div>\n\t\t<\/section>\n\t\t\t\t<section class=\"elementor-section elementor-top-section elementor-element elementor-element-376f9ad elementor-section-boxed elementor-section-height-default elementor-section-height-default\" data-id=\"376f9ad\" data-element_type=\"section\">\n\t\t\t\t\t\t<div class=\"elementor-container elementor-column-gap-default\">\n\t\t\t\t\t\t\t<div class=\"elementor-row\">\n\t\t\t\t\t<div class=\"elementor-column elementor-col-100 elementor-top-column elementor-element elementor-element-8640d8d\" data-id=\"8640d8d\" data-element_type=\"column\">\n\t\t\t<div class=\"elementor-column-wrap\">\n\t\t\t\t\t\t\t<div class=\"elementor-widget-wrap\">\n\t\t\t\t\t\t\t\t<\/div>\n\t\t\t\t\t<\/div>\n\t\t<\/div>\n\t\t\t\t\t\t\t\t<\/div>\n\t\t\t\t\t<\/div>\n\t\t<\/section>\n\t\t\t\t\t\t\t\t\t<\/div>\n\t\t\t<\/div>\n\t\t\t\t\t<\/div>\n\t\t","protected":false},"excerpt":{"rendered":"<p>\u0648\u062d\u062f\u0627\u062a \u0645\u0646\u0627\u0648\u0644\u0629 \u0627\u0644\u0647\u0648\u0627\u0621 \u0627\u0644\u0645\u0631\u064a\u062d\u0629 \u0627\u0644\u062a\u062f\u0641\u0626\u0629 \u064a\u0645\u0643\u0646 \u0623\u0646 \u062a\u0628\u0631\u062f &#8230; \u0648\u062d\u062f\u0627\u062a \u0645\u0646\u0627\u0648\u0644\u0629 \u0627\u0644\u0647\u0648\u0627\u0621 \u0627\u0644\u0635\u062d\u064a\u0629 \u0645\u0643\u064a\u0641 \u0647\u0648\u0627\u0621 \u0646\u0642\u064a &#8230; \u0648\u062d\u062f\u0627\u062a \u0627\u0633\u062a\u0631\u062f\u0627\u062f \u0627\u0644\u062d\u0631\u0627\u0631\u0629 \u0639\u0645\u0644\u064a\u0627\u062a \u0645\u0639\u0627\u0644\u062c\u0629 \u0627\u0644\u0647\u0648\u0627\u0621 &#8230; \u0648\u062d\u062f\u0627\u062a \u0639\u0627\u062f\u0645 \u0627\u0644\u0645\u0637\u0628\u062e \u0627\u0633\u062a\u0639\u0627\u062f\u0629 \u0627\u0644\u0647\u0648\u0627\u0621 \u0627\u0644\u0646\u0642\u064a \u0628\u0646\u0633\u0628\u0629 100\u066a &#8230; \u0648\u062d\u062f\u0627\u062a \u0627\u0644\u0645\u0623\u0648\u0649 \u0647\u0648\u0627\u0621 \u0646\u0642\u064a \u0645\u0635\u0641\u0649 &#8230; \u0648\u062d\u062f\u0627\u062a \u0627\u0644\u0634\u0641\u0627\u0637 \u062f\u0648\u0631\u0627\u0646 \u0627\u0644\u0647\u0648\u0627\u0621&#8230; \u062a\u0636\u0645\u0646 \u0648\u062d\u062f\u0627\u062a \u0627\u0644\u0645\u0623\u0648\u0649 \u0627\u0644\u062a\u064a \u062a\u062d\u0645\u0644 \u0639\u0644\u0627\u0645\u0629 Viaclimate \u0623\u0646 \u0627\u0644\u0647\u0648\u0627\u0621 \u0627\u0644\u0646\u0638\u064a\u0641 \u0627\u0644\u0642\u0627\u062f\u0645 \u0625\u0644\u0649 [&hellip;]<\/p>\n","protected":false},"author":3,"featured_media":0,"parent":0,"menu_order":0,"comment_status":"closed","ping_status":"closed","template":"","meta":{"footnotes":""},"class_list":["post-1414","page","type-page","status-publish","hentry"],"_links":{"self":[{"href":"https:\/\/viaclimate.com\/ar\/wp-json\/wp\/v2\/pages\/1414","targetHints":{"allow":["GET"]}}],"collection":[{"href":"https:\/\/viaclimate.com\/ar\/wp-json\/wp\/v2\/pages"}],"about":[{"href":"https:\/\/viaclimate.com\/ar\/wp-json\/wp\/v2\/types\/page"}],"author":[{"embeddable":true,"href":"https:\/\/viaclimate.com\/ar\/wp-json\/wp\/v2\/users\/3"}],"replies":[{"embeddable":true,"href":"https:\/\/viaclimate.com\/ar\/wp-json\/wp\/v2\/comments?post=1414"}],"version-history":[{"count":0,"href":"https:\/\/viaclimate.com\/ar\/wp-json\/wp\/v2\/pages\/1414\/revisions"}],"wp:attachment":[{"href":"https:\/\/viaclimate.com\/ar\/wp-json\/wp\/v2\/media?parent=1414"}],"curies":[{"name":"wp","href":"https:\/\/api.w.org\/{rel}","templated":true}]}}