{"id":1470,"date":"2021-06-14T17:21:48","date_gmt":"2021-06-14T14:21:48","guid":{"rendered":"https:\/\/www.viaclimate.com\/%d9%86%d9%85%d9%88%d8%b0%d8%ac-%d8%a7%d9%84%d8%a7%d9%82%d8%aa%d8%b1%d8%a7%d8%ad\/"},"modified":"2025-04-16T15:44:33","modified_gmt":"2025-04-16T12:44:33","slug":"%d9%86%d9%85%d9%88%d8%b0%d8%ac-%d8%a7%d9%84%d8%a7%d9%82%d8%aa%d8%b1%d8%a7%d8%ad","status":"publish","type":"page","link":"https:\/\/viaclimate.com\/ar\/%d9%86%d9%85%d9%88%d8%b0%d8%ac-%d8%a7%d9%84%d8%a7%d9%82%d8%aa%d8%b1%d8%a7%d8%ad\/","title":{"rendered":"\u0646\u0645\u0648\u0630\u062c \u0627\u0644\u0627\u0642\u062a\u0631\u0627\u062d"},"content":{"rendered":"\t\t<div data-elementor-type=\"wp-page\" data-elementor-id=\"1470\" class=\"elementor elementor-1470 elementor-49\">\n\t\t\t\t\t\t<div class=\"elementor-inner\">\n\t\t\t\t<div class=\"elementor-section-wrap\">\n\t\t\t\t\t\t\t\t\t<section class=\"elementor-section elementor-top-section elementor-element elementor-element-61b33cb elementor-section-boxed elementor-section-height-default elementor-section-height-default\" data-id=\"61b33cb\" data-element_type=\"section\">\n\t\t\t\t\t\t<div class=\"elementor-container elementor-column-gap-default\">\n\t\t\t\t\t\t\t<div class=\"elementor-row\">\n\t\t\t\t\t<div class=\"elementor-column elementor-col-50 elementor-top-column elementor-element elementor-element-047829d\" data-id=\"047829d\" data-element_type=\"column\">\n\t\t\t<div class=\"elementor-column-wrap elementor-element-populated\">\n\t\t\t\t\t\t\t<div class=\"elementor-widget-wrap\">\n\t\t\t\t\t\t<div class=\"elementor-element elementor-element-5311466 bdt-content-position--left elementor-widget elementor-widget-bdt-fancy-list\" data-id=\"5311466\" data-element_type=\"widget\" data-widget_type=\"bdt-fancy-list.default\">\n\t\t\t\t<div class=\"elementor-widget-container\">\n\t\t\t        <div class=\"bdt-fancy-list\">\n            <ul class=\"bdt-list custom-list-group\" class=\"list-icon\">\n                                    <li>\n                        <a class=\"bdt-list-wrap\" href=\"https:\/\/www.viaclimate.com\/tarihce\/\">                        <div class=\"bdt-flex  flex-wrap\">\n                                                                                    <div class=\"list-text \">\n                                <h4 class=\"bdt-list-title\">\n                                    \u0130leti\u015fim                                <\/h4>\n                                <p class=\"list-text-des\"> \u0130leti\u015fim & Destek<\/p>\n                            <\/div>\n                                                            <div class=\"list-icon\">\n                                    <i aria-hidden=\"true\" class=\"icon icon-right-arrow\"><\/i>                                <\/div>\n                                                    <\/div>\n                                                    <\/a>\n                                            <\/li>\n                                    <li>\n                        <a class=\"bdt-list-wrap\" href=\"https:\/\/www.viaclimate.com\/tarihce\/\">                        <div class=\"bdt-flex  flex-wrap\">\n                                                                                    <div class=\"list-text \">\n                                <h4 class=\"bdt-list-title\">\n                                    Teklif Formu                                <\/h4>\n                                <p class=\"list-text-des\"> Teklif al\u0131n...<\/p>\n                            <\/div>\n                                                            <div class=\"list-icon\">\n                                    <i aria-hidden=\"true\" class=\"icon icon-right-arrow\"><\/i>                                <\/div>\n                                                    <\/div>\n                                                    <\/a>\n                                            <\/li>\n                                    <li>\n                        <a class=\"bdt-list-wrap\" href=\"https:\/\/www.viaclimate.com\/yetkili-servislerimiz\/\">                        <div class=\"bdt-flex  flex-wrap\">\n                                                                                    <div class=\"list-text \">\n                                <h4 class=\"bdt-list-title\">\n                                    Yetkili Servislerimiz                                <\/h4>\n                                <p class=\"list-text-des\"> Servis listesi...<\/p>\n                            <\/div>\n                                                            <div class=\"list-icon\">\n                                    <i aria-hidden=\"true\" class=\"icon icon-right-arrow\"><\/i>                                <\/div>\n                                                    <\/div>\n                                                    <\/a>\n                                            <\/li>\n                                    <li>\n                        <a class=\"bdt-list-wrap\" href=\"https:\/\/www.viaclimate.com\/yetkili-servislerimiz\/\">                        <div class=\"bdt-flex  flex-wrap\">\n                                                                                    <div class=\"list-text \">\n                                <h4 class=\"bdt-list-title\">\n                                    Yetkili Servis Formlar\u0131                                <\/h4>\n                                <p class=\"list-text-des\"> Servis formlar\u0131m\u0131z...<\/p>\n                            <\/div>\n                                                            <div class=\"list-icon\">\n                                    <i aria-hidden=\"true\" class=\"icon icon-right-arrow\"><\/i>                                <\/div>\n                                                    <\/div>\n                                                    <\/a>\n                                            <\/li>\n                            <\/ul>\n        <\/div>\n\t\t<\/div>\n\t\t\t\t<\/div>\n\t\t\t\t\t\t<\/div>\n\t\t\t\t\t<\/div>\n\t\t<\/div>\n\t\t\t\t<div class=\"elementor-column elementor-col-50 elementor-top-column elementor-element elementor-element-1147d48\" data-id=\"1147d48\" data-element_type=\"column\">\n\t\t\t<div class=\"elementor-column-wrap elementor-element-populated\">\n\t\t\t\t\t\t\t<div class=\"elementor-widget-wrap\">\n\t\t\t\t\t\t<div class=\"elementor-element elementor-element-8f25cb9 elementor-widget elementor-widget-heading\" data-id=\"8f25cb9\" data-element_type=\"widget\" data-widget_type=\"heading.default\">\n\t\t\t\t<div class=\"elementor-widget-container\">\n\t\t\t<h2 class=\"elementor-heading-title elementor-size-default\">\u0646\u0645\u0648\u0630\u062c \u0627\u0644\u0627\u0642\u062a\u0631\u0627\u062d<\/h2>\t\t<\/div>\n\t\t\t\t<\/div>\n\t\t\t\t<div class=\"elementor-element elementor-element-5b14b57 elementor-button-align-stretch elementor-widget elementor-widget-form\" data-id=\"5b14b57\" data-element_type=\"widget\" data-settings=\"{&quot;step_next_label&quot;:&quot;\\u00d6nceki&quot;,&quot;step_previous_label&quot;:&quot;Sonraki&quot;,&quot;button_width&quot;:&quot;100&quot;,&quot;step_type&quot;:&quot;number_text&quot;,&quot;step_icon_shape&quot;:&quot;circle&quot;}\" data-widget_type=\"form.default\">\n\t\t\t\t<div class=\"elementor-widget-container\">\n\t\t\t\t\t<form class=\"elementor-form\" method=\"post\" name=\"\u0646\u0645\u0648\u0630\u062c \u0627\u0644\u0627\u062a\u0635\u0627\u0644\">\n\t\t\t<input type=\"hidden\" name=\"post_id\" value=\"1470\"\/>\n\t\t\t<input type=\"hidden\" name=\"form_id\" value=\"5b14b57\"\/>\n\t\t\t<input type=\"hidden\" name=\"referer_title\" value=\"\" \/>\n\n\t\t\t\n\t\t\t<div class=\"elementor-form-fields-wrapper elementor-labels-\">\n\t\t\t\t\t\t\t\t<div class=\"elementor-field-type-text elementor-field-group elementor-column elementor-field-group-name elementor-col-50\">\n\t\t\t\t\t\t\t\t\t\t\t\t<label for=\"form-field-name\" class=\"elementor-field-label elementor-screen-only\">\n\t\t\t\t\t\t\t\t\u0627\u0633\u0645\t\t\t\t\t\t\t<\/label>\n\t\t\t\t\t\t\t\t\t\t\t\t\t\t<input size=\"1\" type=\"text\" name=\"form_fields[name]\" id=\"form-field-name\" class=\"elementor-field elementor-size-sm  elementor-field-textual\" placeholder=\"\u0627\u0633\u0645\u0643\u0645 \u0648\u0644\u0642\u0628\u0643\u0645\">\n\t\t\t\t\t\t\t\t\t\t\t<\/div>\n\t\t\t\t\t\t\t\t<div class=\"elementor-field-type-text elementor-field-group elementor-column elementor-field-group-field_c4e9143 elementor-col-50\">\n\t\t\t\t\t\t\t\t\t\t\t\t<label for=\"form-field-field_c4e9143\" class=\"elementor-field-label elementor-screen-only\">\n\t\t\t\t\t\t\t\t\u0645\u062f\u064a\u0646\u0629 \u0628\u0644\u062f\t\t\t\t\t\t\t<\/label>\n\t\t\t\t\t\t\t\t\t\t\t\t\t\t<input size=\"1\" type=\"text\" name=\"form_fields[field_c4e9143]\" id=\"form-field-field_c4e9143\" class=\"elementor-field elementor-size-sm  elementor-field-textual\" placeholder=\"\u0645\u062f\u064a\u0646\u0629 \u0628\u0644\u062f\">\n\t\t\t\t\t\t\t\t\t\t\t<\/div>\n\t\t\t\t\t\t\t\t<div class=\"elementor-field-type-text elementor-field-group elementor-column elementor-field-group-field_21a8176 elementor-col-100\">\n\t\t\t\t\t\t\t\t\t\t\t\t<label for=\"form-field-field_21a8176\" class=\"elementor-field-label elementor-screen-only\">\n\t\t\t\t\t\t\t\t\u0627\u0644\u0634\u0631\u0643\u0629 \/ \u0627\u0644\u0639\u0646\u0648\u0627\u0646 \/ \u0627\u0644\u0648\u0627\u062c\u0628\t\t\t\t\t\t\t<\/label>\n\t\t\t\t\t\t\t\t\t\t\t\t\t\t<input size=\"1\" type=\"text\" name=\"form_fields[field_21a8176]\" id=\"form-field-field_21a8176\" class=\"elementor-field elementor-size-sm  elementor-field-textual\" placeholder=\"\u0627\u0644\u0634\u0631\u0643\u0629 \/ \u0627\u0644\u0639\u0646\u0648\u0627\u0646 \/ \u0627\u0644\u0645\u0646\u0635\u0628\">\n\t\t\t\t\t\t\t\t\t\t\t<\/div>\n\t\t\t\t\t\t\t\t<div class=\"elementor-field-type-email elementor-field-group elementor-column elementor-field-group-email elementor-col-50 elementor-field-required\">\n\t\t\t\t\t\t\t\t\t\t\t\t<label for=\"form-field-email\" class=\"elementor-field-label elementor-screen-only\">\n\t\t\t\t\t\t\t\t\u0628\u0631\u064a\u062f \u0625\u0644\u0643\u062a\u0631\u0648\u0646\u064a\t\t\t\t\t\t\t<\/label>\n\t\t\t\t\t\t\t\t\t\t\t\t\t\t<input size=\"1\" type=\"email\" name=\"form_fields[email]\" id=\"form-field-email\" class=\"elementor-field elementor-size-sm  elementor-field-textual\" placeholder=\"\u0628\u0631\u064a\u062f \u0625\u0644\u0643\u062a\u0631\u0648\u0646\u064a\" required=\"required\" aria-required=\"true\">\n\t\t\t\t\t\t\t\t\t\t\t<\/div>\n\t\t\t\t\t\t\t\t<div class=\"elementor-field-type-tel elementor-field-group elementor-column elementor-field-group-field_85347cc elementor-col-50 elementor-field-required\">\n\t\t\t\t\t\t\t\t\t\t\t\t<label for=\"form-field-field_85347cc\" class=\"elementor-field-label elementor-screen-only\">\n\t\t\t\t\t\t\t\t\u0647\u0627\u062a\u0641\t\t\t\t\t\t\t<\/label>\n\t\t\t\t\t\t\t\t<input size=\"1\" type=\"tel\" name=\"form_fields[field_85347cc]\" id=\"form-field-field_85347cc\" class=\"elementor-field elementor-size-sm  elementor-field-textual\" placeholder=\"\u0647\u0627\u062a\u0641\" required=\"required\" aria-required=\"true\" pattern=\"[0-9()#&amp;+*-=.]+\" title=\"Only numbers and phone characters (#, -, *, etc) are accepted.\">\n\n\t\t\t\t\t\t<\/div>\n\t\t\t\t\t\t\t\t<div class=\"elementor-field-type-select elementor-field-group elementor-column elementor-field-group-field_e132088 elementor-col-100 elementor-field-required\">\n\t\t\t\t\t\t\t\t\t\t\t\t<label for=\"form-field-field_e132088\" class=\"elementor-field-label elementor-screen-only\">\n\t\t\t\t\t\t\t\t\u062a\u0641\u0636\u064a\u0644 \u0627\u0644\u0646\u0645\u0648\u0630\u062c\t\t\t\t\t\t\t<\/label>\n\t\t\t\t\t\t\t\t<div class=\"elementor-field elementor-select-wrapper remove-before \">\n\t\t\t<div class=\"select-caret-down-wrapper\">\n\t\t\t\t<i aria-hidden=\"true\" class=\"eicon-caret-down\"><\/i>\t\t\t<\/div>\n\t\t\t<select name=\"form_fields[field_e132088]\" id=\"form-field-field_e132088\" class=\"elementor-field-textual elementor-size-sm\" required=\"required\" aria-required=\"true\">\n\t\t\t\t\t\t\t\t\t<option value=\"\u0637\u0644\u0628 \u0645\u0639\u0644\u0648\u0645\u0627\u062a \u0627\u0644\u0645\u0646\u062a\u062c\">\u0637\u0644\u0628 \u0645\u0639\u0644\u0648\u0645\u0627\u062a \u0627\u0644\u0645\u0646\u062a\u062c<\/option>\n\t\t\t\t\t\t\t\t\t<option value=\"\u0627\u0644\u0645\u0646\u0627\u0642\u0635\u0629\">\u0627\u0644\u0645\u0646\u0627\u0642\u0635\u0629<\/option>\n\t\t\t\t\t\t\t\t\t<option value=\"\u062a\u0635\u0645\u064a\u0645 \u0627\u0644\u0645\u0634\u0631\u0648\u0639\">\u062a\u0635\u0645\u064a\u0645 \u0627\u0644\u0645\u0634\u0631\u0648\u0639<\/option>\n\t\t\t\t\t\t\t\t\t<option value=\"\u062e\u062f\u0645\u0629 \u062a\u0642\u0646\u064a\u0629\">\u062e\u062f\u0645\u0629 \u062a\u0642\u0646\u064a\u0629<\/option>\n\t\t\t\t\t\t\t<\/select>\n\t\t<\/div>\n\t\t\t\t\t\t<\/div>\n\t\t\t\t\t\t\t\t<div class=\"elementor-field-type-textarea elementor-field-group elementor-column elementor-field-group-message elementor-col-100\">\n\t\t\t\t\t\t\t\t\t\t\t\t<label for=\"form-field-message\" class=\"elementor-field-label elementor-screen-only\">\n\t\t\t\t\t\t\t\t\u0631\u0633\u0627\u0644\u062a\u0643\t\t\t\t\t\t\t<\/label>\n\t\t\t\t\t\t<textarea class=\"elementor-field-textual elementor-field  elementor-size-sm\" name=\"form_fields[message]\" id=\"form-field-message\" rows=\"5\" placeholder=\"\u0631\u0633\u0627\u0644\u062a\u0643\"><\/textarea>\t\t\t\t<\/div>\n\t\t\t\t\t\t\t\t<div class=\"elementor-field-group elementor-column elementor-field-type-submit elementor-col-100 e-form__buttons\">\n\t\t\t\t\t<button type=\"submit\" class=\"elementor-button elementor-size-sm\">\n\t\t\t\t\t\t<span >\n\t\t\t\t\t\t\t\t\t\t\t\t\t\t\t<span class=\" elementor-button-icon\">\n\t\t\t\t\t\t\t\t\t\t\t\t\t\t\t\t\t\t\t\t\t\t\t\t\t\t<\/span>\n\t\t\t\t\t\t\t\t\t\t\t\t\t\t\t\t\t\t\t\t\t\t<span class=\"elementor-button-text\">\u0625\u0631\u0633\u0627\u0644<\/span>\n\t\t\t\t\t\t\t\t\t\t\t\t\t<\/span>\n\t\t\t\t\t<\/button>\n\t\t\t\t<\/div>\n\t\t\t<\/div>\n\t\t<\/form>\n\t\t\t\t<\/div>\n\t\t\t\t<\/div>\n\t\t\t\t\t\t<\/div>\n\t\t\t\t\t<\/div>\n\t\t<\/div>\n\t\t\t\t\t\t\t\t<\/div>\n\t\t\t\t\t<\/div>\n\t\t<\/section>\n\t\t\t\t\t\t\t\t\t<\/div>\n\t\t\t<\/div>\n\t\t\t\t\t<\/div>\n\t\t","protected":false},"excerpt":{"rendered":"<p>\u0130leti\u015fim \u0130leti\u015fim &#038; Destek Teklif Formu Teklif al\u0131n&#8230; Yetkili Servislerimiz Servis listesi&#8230; Yetkili Servis Formlar\u0131 Servis formlar\u0131m\u0131z&#8230;<\/p>\n","protected":false},"author":3,"featured_media":0,"parent":0,"menu_order":0,"comment_status":"closed","ping_status":"closed","template":"","meta":{"footnotes":""},"class_list":["post-1470","page","type-page","status-publish","hentry"],"_links":{"self":[{"href":"https:\/\/viaclimate.com\/ar\/wp-json\/wp\/v2\/pages\/1470","targetHints":{"allow":["GET"]}}],"collection":[{"href":"https:\/\/viaclimate.com\/ar\/wp-json\/wp\/v2\/pages"}],"about":[{"href":"https:\/\/viaclimate.com\/ar\/wp-json\/wp\/v2\/types\/page"}],"author":[{"embeddable":true,"href":"https:\/\/viaclimate.com\/ar\/wp-json\/wp\/v2\/users\/3"}],"replies":[{"embeddable":true,"href":"https:\/\/viaclimate.com\/ar\/wp-json\/wp\/v2\/comments?post=1470"}],"version-history":[{"count":0,"href":"https:\/\/viaclimate.com\/ar\/wp-json\/wp\/v2\/pages\/1470\/revisions"}],"wp:attachment":[{"href":"https:\/\/viaclimate.com\/ar\/wp-json\/wp\/v2\/media?parent=1470"}],"curies":[{"name":"wp","href":"https:\/\/api.w.org\/{rel}","templated":true}]}}