{"id":1343,"date":"2021-06-14T14:22:06","date_gmt":"2021-06-14T11:22:06","guid":{"rendered":"https:\/\/www.viaclimate.com\/hygienic-air-handling-units\/"},"modified":"2024-01-04T14:42:27","modified_gmt":"2024-01-04T11:42:27","slug":"hygienic-air-handling-units","status":"publish","type":"page","link":"https:\/\/viaclimate.com\/en\/hygienic-air-handling-units\/","title":{"rendered":"Hygienic Air Handling Units"},"content":{"rendered":"\t\t<div data-elementor-type=\"wp-page\" data-elementor-id=\"1343\" class=\"elementor elementor-1343 elementor-19\">\n\t\t\t\t\t\t<div class=\"elementor-inner\">\n\t\t\t\t<div class=\"elementor-section-wrap\">\n\t\t\t\t\t\t\t\t\t<section class=\"elementor-section elementor-top-section elementor-element elementor-element-302e9817 elementor-section-boxed elementor-section-height-default elementor-section-height-default\" data-id=\"302e9817\" data-element_type=\"section\">\n\t\t\t\t\t\t<div class=\"elementor-container elementor-column-gap-default\">\n\t\t\t\t\t\t\t<div class=\"elementor-row\">\n\t\t\t\t\t<div class=\"elementor-column elementor-col-50 elementor-top-column elementor-element elementor-element-34946656\" data-id=\"34946656\" data-element_type=\"column\">\n\t\t\t<div class=\"elementor-column-wrap elementor-element-populated\">\n\t\t\t\t\t\t\t<div class=\"elementor-widget-wrap\">\n\t\t\t\t\t\t<div class=\"elementor-element elementor-element-5a4ba0cb bdt-content-position--left elementor-widget elementor-widget-bdt-fancy-list\" data-id=\"5a4ba0cb\" data-element_type=\"widget\" data-widget_type=\"bdt-fancy-list.default\">\n\t\t\t\t<div class=\"elementor-widget-container\">\n\t\t\t        <div class=\"bdt-fancy-list\">\n            <ul class=\"bdt-list custom-list-group\" class=\"list-icon\">\n                                    <li>\n                        <a class=\"bdt-list-wrap\" href=\"https:\/\/www.viaclimate.com\/konfor-klima-santralleri\/\">                        <div class=\"bdt-flex  flex-wrap\">\n                                                        <div class=\" image-area\"> <img decoding=\"async\" src=\" https:\/\/www.viaclimate.com\/wp-content\/uploads\/2021\/06\/003-air-conditioner.svg\" alt=\"Konfor Klima Santralleri\"> <\/div>                            <div class=\"list-text \">\n                                <h4 class=\"bdt-list-title\">\n                                    Konfor Klima Santralleri                                <\/h4>\n                                <p class=\"list-text-des\"> Is\u0131tma so\u011futma yapabilir...<\/p>\n                            <\/div>\n                                                            <div class=\"list-icon\">\n                                    <i aria-hidden=\"true\" class=\"icon icon-right-arrow\"><\/i>                                <\/div>\n                                                    <\/div>\n                                                    <\/a>\n                                            <\/li>\n                                    <li>\n                        <a class=\"bdt-list-wrap\" href=\"https:\/\/www.viaclimate.com\/hijyenik-klima-santralleri\/\">                        <div class=\"bdt-flex  flex-wrap\">\n                                                        <div class=\" image-area\"> <img decoding=\"async\" src=\" https:\/\/www.viaclimate.com\/wp-content\/uploads\/2021\/06\/007-air-conditioner.svg\" alt=\"Hijyenik Klima Santralleri\"> <\/div>                            <div class=\"list-text \">\n                                <h4 class=\"bdt-list-title\">\n                                    Hijyenik Klima Santralleri                                <\/h4>\n                                <p class=\"list-text-des\"> Taze hava \u015fartland\u0131r\u0131c\u0131...<\/p>\n                            <\/div>\n                                                            <div class=\"list-icon\">\n                                    <i aria-hidden=\"true\" class=\"icon icon-right-arrow\"><\/i>                                <\/div>\n                                                    <\/div>\n                                                    <\/a>\n                                            <\/li>\n                                    <li>\n                        <a class=\"bdt-list-wrap\" href=\"https:\/\/www.viaclimate.com\/isi-geri-kazanim-uniteleri\/\">                        <div class=\"bdt-flex  flex-wrap\">\n                                                        <div class=\" image-area\"> <img decoding=\"async\" src=\" https:\/\/www.viaclimate.com\/wp-content\/uploads\/2021\/06\/006-repeat.svg\" alt=\"Is\u0131 Geri Kazan\u0131m \u00dcniteleri\"> <\/div>                            <div class=\"list-text \">\n                                <h4 class=\"bdt-list-title\">\n                                    Is\u0131 Geri Kazan\u0131m \u00dcniteleri                                <\/h4>\n                                <p class=\"list-text-des\"> Hava \u015fartland\u0131rma prosesleri...<\/p>\n                            <\/div>\n                                                            <div class=\"list-icon\">\n                                    <i aria-hidden=\"true\" class=\"icon icon-right-arrow\"><\/i>                                <\/div>\n                                                    <\/div>\n                                                    <\/a>\n                                            <\/li>\n                                    <li>\n                        <a class=\"bdt-list-wrap\" href=\"https:\/\/www.viaclimate.com\/mutfak-egzoz-uniteleri\/\">                        <div class=\"bdt-flex  flex-wrap\">\n                                                        <div class=\" image-area\"> <img decoding=\"async\" src=\" https:\/\/www.viaclimate.com\/wp-content\/uploads\/2021\/06\/050-split.svg\" alt=\"Mutfak Egzoz \u00dcniteleri\"> <\/div>                            <div class=\"list-text \">\n                                <h4 class=\"bdt-list-title\">\n                                    Mutfak Egzoz \u00dcniteleri                                <\/h4>\n                                <p class=\"list-text-des\"> %100 taze hava kazan\u0131m\u0131...<\/p>\n                            <\/div>\n                                                            <div class=\"list-icon\">\n                                    <i aria-hidden=\"true\" class=\"icon icon-right-arrow\"><\/i>                                <\/div>\n                                                    <\/div>\n                                                    <\/a>\n                                            <\/li>\n                                    <li>\n                        <a class=\"bdt-list-wrap\" href=\"https:\/\/www.viaclimate.com\/siginak-uniteleri\/\">                        <div class=\"bdt-flex  flex-wrap\">\n                                                        <div class=\" image-area\"> <img decoding=\"async\" src=\" https:\/\/www.viaclimate.com\/wp-content\/uploads\/2021\/06\/037-air-conditioner.svg\" alt=\"S\u0131\u011f\u0131nak \u00dcniteleri\"> <\/div>                            <div class=\"list-text \">\n                                <h4 class=\"bdt-list-title\">\n                                    S\u0131\u011f\u0131nak \u00dcniteleri                                <\/h4>\n                                <p class=\"list-text-des\"> Filtrelenmi\u015f taze hava...<\/p>\n                            <\/div>\n                                                            <div class=\"list-icon\">\n                                    <i aria-hidden=\"true\" class=\"icon icon-right-arrow\"><\/i>                                <\/div>\n                                                    <\/div>\n                                                    <\/a>\n                                            <\/li>\n                                    <li>\n                        <a class=\"bdt-list-wrap\" href=\"https:\/\/www.viaclimate.com\/aspirator-uniteleri\/\">                        <div class=\"bdt-flex  flex-wrap\">\n                                                        <div class=\" image-area\"> <img decoding=\"async\" src=\" https:\/\/www.viaclimate.com\/wp-content\/uploads\/2021\/06\/001-air-filter.svg\" alt=\"Aspirat\u00f6r \u00dcniteleri\"> <\/div>                            <div class=\"list-text \">\n                                <h4 class=\"bdt-list-title\">\n                                    Aspirat\u00f6r \u00dcniteleri                                <\/h4>\n                                <p class=\"list-text-des\"> Hava sirk\u00fclasyonu...<\/p>\n                            <\/div>\n                                                            <div class=\"list-icon\">\n                                    <i aria-hidden=\"true\" class=\"icon icon-right-arrow\"><\/i>                                <\/div>\n                                                    <\/div>\n                                                    <\/a>\n                                            <\/li>\n                            <\/ul>\n        <\/div>\n\t\t<\/div>\n\t\t\t\t<\/div>\n\t\t\t\t\t\t<\/div>\n\t\t\t\t\t<\/div>\n\t\t<\/div>\n\t\t\t\t<div class=\"elementor-column elementor-col-50 elementor-top-column elementor-element elementor-element-1abf0dd8\" data-id=\"1abf0dd8\" data-element_type=\"column\">\n\t\t\t<div class=\"elementor-column-wrap elementor-element-populated\">\n\t\t\t\t\t\t\t<div class=\"elementor-widget-wrap\">\n\t\t\t\t\t\t<div class=\"elementor-element elementor-element-4b876a9a elementor-position-left elementor-widget__width-initial elementor-widget-tablet__width-initial elementor-vertical-align-top elementor-widget elementor-widget-image-box\" data-id=\"4b876a9a\" data-element_type=\"widget\" data-widget_type=\"image-box.default\">\n\t\t\t\t<div class=\"elementor-widget-container\">\n\t\t\t<div class=\"elementor-image-box-wrapper\"><div class=\"elementor-image-box-content\"><h3 class=\"elementor-image-box-title\">Hygienic Air Handling Units<\/h3><p class=\"elementor-image-box-description\">Viaclimate branded hygienic air handling units are designed in four different ways according to the fresh air supply of hygienic environments, exhaust of ambient air, heating, cooling, humidification, air filtration and heat recovery.<br>\n\nHygienic air handling units need outdoor units to condition the air. Hygienic air handling units need outdoor units to condition the air.<\/p><\/div><\/div>\t\t<\/div>\n\t\t\t\t<\/div>\n\t\t\t\t<div class=\"elementor-element elementor-element-1339453a elementor-widget__width-initial elementor-widget-tablet__width-initial elementor-arrows-position-inside elementor-widget elementor-widget-image-carousel\" data-id=\"1339453a\" data-element_type=\"widget\" data-settings=\"{&quot;slides_to_show&quot;:&quot;1&quot;,&quot;navigation&quot;:&quot;arrows&quot;,&quot;autoplay&quot;:&quot;yes&quot;,&quot;pause_on_hover&quot;:&quot;yes&quot;,&quot;pause_on_interaction&quot;:&quot;yes&quot;,&quot;autoplay_speed&quot;:5000,&quot;infinite&quot;:&quot;yes&quot;,&quot;effect&quot;:&quot;slide&quot;,&quot;speed&quot;:500}\" data-widget_type=\"image-carousel.default\">\n\t\t\t\t<div class=\"elementor-widget-container\">\n\t\t\t\t\t<div class=\"elementor-image-carousel-wrapper swiper-container\" dir=\"ltr\">\n\t\t\t<div class=\"elementor-image-carousel swiper-wrapper swiper-image-stretch\">\n\t\t\t\t\t\t\t\t<div class=\"swiper-slide\"><figure class=\"swiper-slide-inner\"><img decoding=\"async\" class=\"swiper-slide-image\" src=\"https:\/\/viaclimate.com\/wp-content\/uploads\/2021\/06\/konfor-klima-santrali-001.jpg\" alt=\"konfor-klima-santrali-001\" \/><\/figure><\/div><div class=\"swiper-slide\"><figure class=\"swiper-slide-inner\"><img decoding=\"async\" class=\"swiper-slide-image\" src=\"https:\/\/viaclimate.com\/wp-content\/uploads\/2021\/06\/konfor-klima-santrali-002.jpg\" alt=\"konfor-klima-santrali-002\" \/><\/figure><\/div>\t\t\t<\/div>\n\t\t\t\t\t\t\t\t\t\t\t\t\t\t\t\t<div class=\"elementor-swiper-button elementor-swiper-button-prev\">\n\t\t\t\t\t\t<i aria-hidden=\"true\" class=\"eicon-chevron-left\"><\/i>\t\t\t\t\t\t<span class=\"elementor-screen-only\">Previous<\/span>\n\t\t\t\t\t<\/div>\n\t\t\t\t\t<div class=\"elementor-swiper-button elementor-swiper-button-next\">\n\t\t\t\t\t\t<i aria-hidden=\"true\" class=\"eicon-chevron-right\"><\/i>\t\t\t\t\t\t<span class=\"elementor-screen-only\">Next<\/span>\n\t\t\t\t\t<\/div>\n\t\t\t\t\t\t\t\t\t<\/div>\n\t\t\t\t<\/div>\n\t\t\t\t<\/div>\n\t\t\t\t<div class=\"elementor-element elementor-element-111efcd8 e-grid-align-right elementor-shape-rounded elementor-grid-0 elementor-widget elementor-widget-social-icons\" data-id=\"111efcd8\" data-element_type=\"widget\" data-widget_type=\"social-icons.default\">\n\t\t\t\t<div class=\"elementor-widget-container\">\n\t\t\t\t\t<div class=\"elementor-social-icons-wrapper elementor-grid\">\n\t\t\t\t\t\t\t<span class=\"elementor-grid-item\">\n\t\t\t\t\t<a class=\"elementor-icon elementor-social-icon elementor-social-icon-instagram elementor-repeater-item-9598e9d\" href=\"https:\/\/www.instagram.com\/viaclimate\/\" target=\"_blank\">\n\t\t\t\t\t\t<span class=\"elementor-screen-only\">Instagram<\/span>\n\t\t\t\t\t\t<i class=\"fab fa-instagram\"><\/i>\t\t\t\t\t<\/a>\n\t\t\t\t<\/span>\n\t\t\t\t\t\t\t<span class=\"elementor-grid-item\">\n\t\t\t\t\t<a class=\"elementor-icon elementor-social-icon elementor-social-icon-facebook elementor-repeater-item-ff45b53\" href=\"https:\/\/www.facebook.com\/viaclimate\/\" target=\"_blank\">\n\t\t\t\t\t\t<span class=\"elementor-screen-only\">Facebook<\/span>\n\t\t\t\t\t\t<i class=\"fab fa-facebook\"><\/i>\t\t\t\t\t<\/a>\n\t\t\t\t<\/span>\n\t\t\t\t\t\t\t<span class=\"elementor-grid-item\">\n\t\t\t\t\t<a class=\"elementor-icon elementor-social-icon elementor-social-icon-linkedin elementor-repeater-item-961d65f\" href=\"https:\/\/tr.linkedin.com\/viaclimate\" target=\"_blank\">\n\t\t\t\t\t\t<span class=\"elementor-screen-only\">Linkedin<\/span>\n\t\t\t\t\t\t<i class=\"fab fa-linkedin\"><\/i>\t\t\t\t\t<\/a>\n\t\t\t\t<\/span>\n\t\t\t\t\t<\/div>\n\t\t\t\t<\/div>\n\t\t\t\t<\/div>\n\t\t\t\t<section class=\"elementor-section elementor-inner-section elementor-element elementor-element-74a8840b elementor-section-boxed elementor-section-height-default elementor-section-height-default\" data-id=\"74a8840b\" data-element_type=\"section\">\n\t\t\t\t\t\t<div class=\"elementor-container elementor-column-gap-default\">\n\t\t\t\t\t\t\t<div class=\"elementor-row\">\n\t\t\t\t\t<div class=\"elementor-column elementor-col-50 elementor-inner-column elementor-element elementor-element-6cc61653\" data-id=\"6cc61653\" data-element_type=\"column\">\n\t\t\t<div class=\"elementor-column-wrap elementor-element-populated\">\n\t\t\t\t\t\t\t<div class=\"elementor-widget-wrap\">\n\t\t\t\t\t\t<div class=\"elementor-element elementor-element-58af0630 elementor-position-left elementor-vertical-align-middle elementor-view-default elementor-mobile-position-top elementor-widget elementor-widget-icon-box\" data-id=\"58af0630\" data-element_type=\"widget\" data-widget_type=\"icon-box.default\">\n\t\t\t\t<div class=\"elementor-widget-container\">\n\t\t\t\t\t<div class=\"elementor-icon-box-wrapper\">\n\t\t\t\t\t\t<div class=\"elementor-icon-box-icon\">\n\t\t\t\t<span class=\"elementor-icon elementor-animation-\" >\n\t\t\t\t<svg xmlns=\"http:\/\/www.w3.org\/2000\/svg\" id=\"Capa_1\" height=\"512\" viewBox=\"0 0 512 512\" width=\"512\"><g><path d=\"m60 271c0 88.224 71.775 160 160 160s160-71.776 160-160-71.775-160-160-160-160 71.776-160 160zm160 20c-11.028 0-20-8.972-20-20s8.972-20 20-20 20 8.972 20 20-8.972 20-20 20zm-10-58.734c-14.035 3.626-25.108 14.699-28.734 28.734h-40.619c4.528-36.128 33.225-64.824 69.353-69.353zm-28.734 48.734c3.626 14.036 14.699 25.108 28.734 28.734v40.619c-36.128-4.528-64.824-33.225-69.353-69.353zm48.734 28.734c14.035-3.626 25.108-14.699 28.734-28.734l40.619-.01c-4.528 36.128-33.225 64.834-69.353 69.363zm28.734-48.734c-3.626-14.036-14.699-25.108-28.734-28.734v-40.619c36.128 4.528 64.824 33.225 69.353 69.353zm-48.734-129.639v40.138c-47.173 4.705-84.796 42.329-89.501 89.501h-40.138c4.911-69.242 60.397-124.728 129.639-129.639zm-129.639 149.639h40.138c4.705 47.173 42.328 84.796 89.501 89.501v40.138c-69.242-4.911-124.728-60.397-129.639-129.639zm149.639 129.639v-40.138c47.173-4.705 84.796-42.339 89.501-89.511l40.138.01c-4.911 69.242-60.397 124.728-129.639 129.639zm129.639-149.639h-40.138c-4.705-47.173-42.328-84.796-89.501-89.501v-40.138c69.242 4.911 124.728 60.397 129.639 129.639z\"><\/path><path d=\"m502 21c-5.522 0-10 4.477-10 10v20h-86c-5.522 0-10 4.477-10 10s4.478 10 10 10h86v160h-64.14c-6.071 0-10.766 5.382-9.898 11.423 1.352 9.404 2.038 19.018 2.038 28.577 0 110.28-89.72 200-200 200s-200-89.72-200-200 89.72-200 200-200h96c5.522 0 10-4.477 10-10s-4.478-10-10-10h-96c-121.309 0-220 98.691-220 220s98.691 220 220 220 220-98.691 220-220c0-6.666-.304-13.357-.905-20h52.905v20c0 5.523 4.478 10 10 10s10-4.477 10-10v-240c0-5.523-4.478-10-10-10z\"><\/path><circle cx=\"361\" cy=\"61\" r=\"10\"><\/circle><\/g><\/svg>\t\t\t\t<\/span>\n\t\t\t<\/div>\n\t\t\t\t\t\t<div class=\"elementor-icon-box-content\">\n\t\t\t\t<h3 class=\"elementor-icon-box-title\">\n\t\t\t\t\t<span  >\n\t\t\t\t\t\tViaclimate branded hygienic air handling units are of two types.\t\t\t\t\t<\/span>\n\t\t\t\t<\/h3>\n\t\t\t\t\t\t\t<\/div>\n\t\t<\/div>\n\t\t\t\t<\/div>\n\t\t\t\t<\/div>\n\t\t\t\t<div class=\"elementor-element elementor-element-3950e051 elementor-icon-list--layout-traditional elementor-list-item-link-full_width elementor-widget elementor-widget-icon-list\" data-id=\"3950e051\" data-element_type=\"widget\" data-widget_type=\"icon-list.default\">\n\t\t\t\t<div class=\"elementor-widget-container\">\n\t\t\t\t\t<ul class=\"elementor-icon-list-items\">\n\t\t\t\t\t\t\t<li class=\"elementor-icon-list-item\">\n\t\t\t\t\t\t\t\t\t\t\t<span class=\"elementor-icon-list-icon\">\n\t\t\t\t\t\t\t<i aria-hidden=\"true\" class=\"fas fa-check\"><\/i>\t\t\t\t\t\t<\/span>\n\t\t\t\t\t\t\t\t\t\t<span class=\"elementor-icon-list-text\">100% Fresh Air Conditioner Hygienic Air Handling Units<\/span>\n\t\t\t\t\t\t\t\t\t<\/li>\n\t\t\t\t\t\t\t\t<li class=\"elementor-icon-list-item\">\n\t\t\t\t\t\t\t\t\t\t\t<span class=\"elementor-icon-list-icon\">\n\t\t\t\t\t\t\t<i aria-hidden=\"true\" class=\"fas fa-check\"><\/i>\t\t\t\t\t\t<\/span>\n\t\t\t\t\t\t\t\t\t\t<span class=\"elementor-icon-list-text\">100% Fresh Air Conditioner Hygienic Air Handling Units<\/span>\n\t\t\t\t\t\t\t\t\t<\/li>\n\t\t\t\t\t\t<\/ul>\n\t\t\t\t<\/div>\n\t\t\t\t<\/div>\n\t\t\t\t\t\t<\/div>\n\t\t\t\t\t<\/div>\n\t\t<\/div>\n\t\t\t\t<div class=\"elementor-column elementor-col-50 elementor-inner-column elementor-element elementor-element-5afc75df\" data-id=\"5afc75df\" data-element_type=\"column\">\n\t\t\t<div class=\"elementor-column-wrap\">\n\t\t\t\t\t\t\t<div class=\"elementor-widget-wrap\">\n\t\t\t\t\t\t\t\t<\/div>\n\t\t\t\t\t<\/div>\n\t\t<\/div>\n\t\t\t\t\t\t\t\t<\/div>\n\t\t\t\t\t<\/div>\n\t\t<\/section>\n\t\t\t\t\t\t<\/div>\n\t\t\t\t\t<\/div>\n\t\t<\/div>\n\t\t\t\t\t\t\t\t<\/div>\n\t\t\t\t\t<\/div>\n\t\t<\/section>\n\t\t\t\t<section class=\"elementor-section elementor-top-section elementor-element elementor-element-11e3aba6 elementor-section-boxed elementor-section-height-default elementor-section-height-default\" data-id=\"11e3aba6\" data-element_type=\"section\">\n\t\t\t\t\t\t<div class=\"elementor-container elementor-column-gap-default\">\n\t\t\t\t\t\t\t<div class=\"elementor-row\">\n\t\t\t\t\t<div class=\"elementor-column elementor-col-100 elementor-top-column elementor-element elementor-element-4205ef7a\" data-id=\"4205ef7a\" data-element_type=\"column\">\n\t\t\t<div class=\"elementor-column-wrap\">\n\t\t\t\t\t\t\t<div class=\"elementor-widget-wrap\">\n\t\t\t\t\t\t\t\t<\/div>\n\t\t\t\t\t<\/div>\n\t\t<\/div>\n\t\t\t\t\t\t\t\t<\/div>\n\t\t\t\t\t<\/div>\n\t\t<\/section>\n\t\t\t\t\t\t\t\t\t<\/div>\n\t\t\t<\/div>\n\t\t\t\t\t<\/div>\n\t\t","protected":false},"excerpt":{"rendered":"<p>Konfor Klima Santralleri Is\u0131tma so\u011futma yapabilir&#8230; Hijyenik Klima Santralleri Taze hava \u015fartland\u0131r\u0131c\u0131&#8230; Is\u0131 Geri Kazan\u0131m \u00dcniteleri Hava \u015fartland\u0131rma prosesleri&#8230; Mutfak Egzoz \u00dcniteleri %100 taze hava kazan\u0131m\u0131&#8230; S\u0131\u011f\u0131nak \u00dcniteleri Filtrelenmi\u015f taze hava&#8230; Aspirat\u00f6r \u00dcniteleri Hava sirk\u00fclasyonu&#8230; Viaclimate branded hygienic air handling units are designed in four different ways according to the fresh air supply of hygienic [&hellip;]<\/p>\n","protected":false},"author":3,"featured_media":0,"parent":0,"menu_order":0,"comment_status":"closed","ping_status":"closed","template":"","meta":{"footnotes":""},"class_list":["post-1343","page","type-page","status-publish","hentry"],"_links":{"self":[{"href":"https:\/\/viaclimate.com\/en\/wp-json\/wp\/v2\/pages\/1343","targetHints":{"allow":["GET"]}}],"collection":[{"href":"https:\/\/viaclimate.com\/en\/wp-json\/wp\/v2\/pages"}],"about":[{"href":"https:\/\/viaclimate.com\/en\/wp-json\/wp\/v2\/types\/page"}],"author":[{"embeddable":true,"href":"https:\/\/viaclimate.com\/en\/wp-json\/wp\/v2\/users\/3"}],"replies":[{"embeddable":true,"href":"https:\/\/viaclimate.com\/en\/wp-json\/wp\/v2\/comments?post=1343"}],"version-history":[{"count":0,"href":"https:\/\/viaclimate.com\/en\/wp-json\/wp\/v2\/pages\/1343\/revisions"}],"wp:attachment":[{"href":"https:\/\/viaclimate.com\/en\/wp-json\/wp\/v2\/media?parent=1343"}],"curies":[{"name":"wp","href":"https:\/\/api.w.org\/{rel}","templated":true}]}}